{"id":106,"date":"2023-10-04T13:47:47","date_gmt":"2023-10-04T13:47:47","guid":{"rendered":"https:\/\/www.alsolen.com\/?page_id=106"},"modified":"2023-10-09T16:30:25","modified_gmt":"2023-10-09T16:30:25","slug":"nos-services","status":"publish","type":"page","link":"https:\/\/www.alsolen.com\/index.php\/nos-services\/","title":{"rendered":"Nos services"},"content":{"rendered":"<p>[et_pb_section fb_built=\u00a0\u00bb1&Prime; _builder_version=\u00a0\u00bb4.22.2&Prime; _module_preset=\u00a0\u00bbdefault\u00a0\u00bb background_enable_image=\u00a0\u00bboff\u00a0\u00bb custom_margin=\u00a0\u00bb0px||||false|false\u00a0\u00bb custom_padding=\u00a0\u00bb0px|0px|0px|0px|false|false\u00a0\u00bb global_colors_info=\u00a0\u00bb{}\u00a0\u00bb][et_pb_row _builder_version=\u00a0\u00bb4.22.2&Prime; _module_preset=\u00a0\u00bbdefault\u00a0\u00bb background_image=\u00a0\u00bbhttps:\/\/www.alsolen.com\/wp-content\/uploads\/2023\/10\/Services_1.jpg\u00a0\u00bb min_height=\u00a0\u00bb350px\u00a0\u00bb custom_margin=\u00a0\u00bb0px||0px||false|false\u00a0\u00bb custom_padding=\u00a0\u00bb0px||0px||false|false\u00a0\u00bb global_colors_info=\u00a0\u00bb{}\u00a0\u00bb disabled_on=\u00a0\u00bbon|off|off\u00a0\u00bb][et_pb_column type=\u00a0\u00bb4_4&Prime; _builder_version=\u00a0\u00bb4.22.2&Prime; _module_preset=\u00a0\u00bbdefault\u00a0\u00bb global_colors_info=\u00a0\u00bb{}\u00a0\u00bb][et_pb_text _builder_version=\u00a0\u00bb4.22.2&Prime; _module_preset=\u00a0\u00bbdefault\u00a0\u00bb text_font=\u00a0\u00bbRoboto|700|||||||\u00a0\u00bb text_text_color=\u00a0\u00bb#fab700&Prime; text_font_size=\u00a0\u00bb32px\u00a0\u00bb background_color=\u00a0\u00bbrgba(252,252,252,0.91)\u00a0\u00bb width=\u00a0\u00bb43%\u00a0\u00bb min_height=\u00a0\u00bb350px\u00a0\u00bb custom_margin=\u00a0\u00bb0px||0px||false|false\u00a0\u00bb custom_padding=\u00a0\u00bb20px|||20px|false|false\u00a0\u00bb global_colors_info=\u00a0\u00bb{}\u00a0\u00bb]<\/p>\n<p>L&rsquo;expertise technique, de l&rsquo;innovation \u00e0 la mise en service<\/p>\n<p>[\/et_pb_text][\/et_pb_column][\/et_pb_row][et_pb_row _builder_version=\u00a0\u00bb4.22.2&Prime; _module_preset=\u00a0\u00bbdefault\u00a0\u00bb custom_margin=\u00a0\u00bb0px||0px||false|false\u00a0\u00bb custom_padding=\u00a0\u00bb0px||0px||false|false\u00a0\u00bb hover_enabled=\u00a0\u00bb0&Prime; global_colors_info=\u00a0\u00bb{}\u00a0\u00bb column_structure=\u00a0\u00bb1_2,1_2&Prime; sticky_enabled=\u00a0\u00bb0&Prime; background_enable_image=\u00a0\u00bboff\u00a0\u00bb disabled_on=\u00a0\u00bboff|on|on\u00a0\u00bb width=\u00a0\u00bb90%\u00a0\u00bb locked=\u00a0\u00bboff\u00a0\u00bb][et_pb_column type=\u00a0\u00bb1_2&Prime; _builder_version=\u00a0\u00bb4.22.2&Prime; _module_preset=\u00a0\u00bbdefault\u00a0\u00bb hover_enabled=\u00a0\u00bb0&Prime; global_colors_info=\u00a0\u00bb{}\u00a0\u00bb sticky_enabled=\u00a0\u00bb0&Prime;][et_pb_text _builder_version=\u00a0\u00bb4.22.2&Prime; _module_preset=\u00a0\u00bbdefault\u00a0\u00bb text_font=\u00a0\u00bbRoboto|700|||||||\u00a0\u00bb text_text_color=\u00a0\u00bb#fab700&Prime; text_font_size=\u00a0\u00bb30px\u00a0\u00bb custom_margin=\u00a0\u00bb0px||0px||false|false\u00a0\u00bb custom_padding=\u00a0\u00bb0px|||0px|false|false\u00a0\u00bb hover_enabled=\u00a0\u00bb0&Prime; global_colors_info=\u00a0\u00bb{}\u00a0\u00bb sticky_enabled=\u00a0\u00bb0&Prime; background_enable_color=\u00a0\u00bboff\u00a0\u00bb]<\/p>\n<p>L&rsquo;expertise technique, de l&rsquo;innovation \u00e0 la mise en service<\/p>\n<p>[\/et_pb_text][\/et_pb_column][et_pb_column _builder_version=\u00a0\u00bb4.22.2&Prime; _module_preset=\u00a0\u00bbdefault\u00a0\u00bb type=\u00a0\u00bb1_2&Prime; hover_enabled=\u00a0\u00bb0&Prime; sticky_enabled=\u00a0\u00bb0&Prime;][et_pb_image src=\u00a0\u00bbhttps:\/\/www.alsolen.com\/wp-content\/uploads\/2023\/10\/Services_1.jpg\u00a0\u00bb _builder_version=\u00a0\u00bb4.22.2&Prime; _module_preset=\u00a0\u00bbdefault\u00a0\u00bb title_text=\u00a0\u00bbServices_1&Prime; hover_enabled=\u00a0\u00bb0&Prime; sticky_enabled=\u00a0\u00bb0&Prime;][\/et_pb_image][\/et_pb_column][\/et_pb_row][\/et_pb_section][et_pb_section fb_built=\u00a0\u00bb1&Prime; _builder_version=\u00a0\u00bb4.22.2&Prime; _module_preset=\u00a0\u00bbdefault\u00a0\u00bb global_colors_info=\u00a0\u00bb{}\u00a0\u00bb][et_pb_row column_structure=\u00a0\u00bb2_3,1_3&Prime; _builder_version=\u00a0\u00bb4.22.2&Prime; _module_preset=\u00a0\u00bbdefault\u00a0\u00bb global_colors_info=\u00a0\u00bb{}\u00a0\u00bb width_phone=\u00a0\u00bb90%\u00a0\u00bb width_last_edited=\u00a0\u00bbon|desktop\u00a0\u00bb][et_pb_column type=\u00a0\u00bb2_3&Prime; _builder_version=\u00a0\u00bb4.22.2&Prime; _module_preset=\u00a0\u00bbdefault\u00a0\u00bb global_colors_info=\u00a0\u00bb{}\u00a0\u00bb][et_pb_text ul_item_indent=\u00a0\u00bb50px\u00a0\u00bb _builder_version=\u00a0\u00bb4.22.2&Prime; _module_preset=\u00a0\u00bbdefault\u00a0\u00bb text_font=\u00a0\u00bbRoboto||||||||\u00a0\u00bb ul_font=\u00a0\u00bbRoboto||||||||\u00a0\u00bb header_font=\u00a0\u00bbRoboto||||||||\u00a0\u00bb header_text_color=\u00a0\u00bb#888888&Prime; header_3_font=\u00a0\u00bbRoboto|300|||||||\u00a0\u00bb header_3_text_color=\u00a0\u00bb#888888&Prime; header_3_font_size=\u00a0\u00bb24px\u00a0\u00bb global_colors_info=\u00a0\u00bb{}\u00a0\u00bb]<\/p>\n<h3>DIAGNOSTIQUER, CONCEVOIR, REALISER, EXPLOITER, ASSISTER<\/h3>\n<p class=\"paragraph\"><span><span lang=\"FR\" xml:lang=\"FR\">ALSOLEN accompagne<\/span>\u202f<span lang=\"FR\" xml:lang=\"FR\"><span style=\"color: #ffc000;\">les industriels et les institutionnels<\/span><\/span>\u202f<span lang=\"FR\" xml:lang=\"FR\">dans leur transition \u00e9nerg\u00e9tique avec une offre de services compl\u00e8te :<\/span>\u00a0<\/span><\/p>\n<ul>\n<li class=\"paragraph\"><span><span lang=\"FR\" xml:lang=\"FR\">Diagnostic \u00e9nerg\u00e9tique des proc\u00e9d\u00e9s industriels<\/span>\u00a0<\/span><\/li>\n<li class=\"paragraph\"><span><span lang=\"FR\" xml:lang=\"FR\">\u00c9tudes de faisabilit\u00e9 et \u00e9valuation technico-\u00e9conomique\u00a0<\/span>\u00a0<\/span><\/li>\n<li class=\"paragraph\"><span><span lang=\"FR\" xml:lang=\"FR\">Ing\u00e9nierie de conception et dimensionnement d\u2019installations\u00a0<\/span>\u00a0<\/span><\/li>\n<li class=\"paragraph\"><span><span lang=\"FR\" xml:lang=\"FR\">De l\u2019assistance technique<\/span><\/span><\/li>\n<li class=\"paragraph\"><span><span lang=\"FR\" xml:lang=\"FR\">Jusqu\u2019\u00e0 la <\/span><span style=\"color: #ffc000;\"><span lang=\"FR\" xml:lang=\"FR\">r\u00e9alisation de projets cl\u00e9s en main<\/span>\u00a0<\/span><\/span><\/li>\n<li class=\"paragraph\"><span><span lang=\"FR\" xml:lang=\"FR\">Et exploitation des installations<\/span>\u00a0<\/span><\/li>\n<\/ul>\n<p class=\"paragraph\"><span><span lang=\"FR\" xml:lang=\"FR\">Enfin, concernant le cas sp\u00e9cifique des<\/span>\u202f<span lang=\"FR\" xml:lang=\"FR\" style=\"color: #ffc000;\">sites isol\u00e9s et semi-isol\u00e9s<\/span><span lang=\"FR\" xml:lang=\"FR\">, ALSOLEN \u00e9tudie et d\u00e9finit la configuration optimale en fonction des besoins<\/span>\u202f<span lang=\"FR\" xml:lang=\"FR\">(hybridation de solutions pour produire de l\u2019\u00e9lectricit\u00e9, de la chaleur, de l\u2019eau potable, et de la glace).<\/span>\u00a0<\/span><\/p>\n<ul><\/ul>\n<p>[\/et_pb_text][\/et_pb_column][et_pb_column type=\u00a0\u00bb1_3&Prime; _builder_version=\u00a0\u00bb4.22.2&Prime; _module_preset=\u00a0\u00bbdefault\u00a0\u00bb global_colors_info=\u00a0\u00bb{}\u00a0\u00bb][et_pb_image src=\u00a0\u00bbhttps:\/\/www.alsolen.com\/wp-content\/uploads\/2023\/10\/Services_5.png\u00a0\u00bb alt=\u00a0\u00bbSkid Heat4Cold\u00a0\u00bb title_text=\u00a0\u00bbServices_5&Prime; _builder_version=\u00a0\u00bb4.22.2&Prime; _module_preset=\u00a0\u00bbdefault\u00a0\u00bb custom_margin=\u00a0\u00bb||0px||false|false\u00a0\u00bb custom_padding=\u00a0\u00bb||0px||false|false\u00a0\u00bb hover_enabled=\u00a0\u00bb0&Prime; global_colors_info=\u00a0\u00bb{}\u00a0\u00bb align=\u00a0\u00bbcenter\u00a0\u00bb sticky_enabled=\u00a0\u00bb0&Prime;][\/et_pb_image][\/et_pb_column][\/et_pb_row][\/et_pb_section]<\/p>\n","protected":false},"excerpt":{"rendered":"<p>L&rsquo;expertise technique, de l&rsquo;innovation \u00e0 la mise en serviceL&rsquo;expertise technique, de l&rsquo;innovation \u00e0 la mise en serviceDIAGNOSTIQUER, CONCEVOIR, REALISER, EXPLOITER, ASSISTER ALSOLEN accompagne\u202fles industriels et les institutionnels\u202fdans leur transition \u00e9nerg\u00e9tique avec une offre de services compl\u00e8te :\u00a0 Diagnostic \u00e9nerg\u00e9tique des proc\u00e9d\u00e9s industriels\u00a0 \u00c9tudes de faisabilit\u00e9 et \u00e9valuation technico-\u00e9conomique\u00a0\u00a0 Ing\u00e9nierie de conception et dimensionnement d\u2019installations\u00a0\u00a0 De [&hellip;]<\/p>\n","protected":false},"author":1,"featured_media":0,"parent":0,"menu_order":0,"comment_status":"closed","ping_status":"closed","template":"","meta":{"_acf_changed":false,"_et_pb_use_builder":"on","_et_pb_old_content":"<!-- wp:divi\/placeholder \/-->","_et_gb_content_width":"","footnotes":""},"class_list":["post-106","page","type-page","status-publish","hentry"],"acf":[],"_links":{"self":[{"href":"https:\/\/www.alsolen.com\/index.php\/wp-json\/wp\/v2\/pages\/106","targetHints":{"allow":["GET"]}}],"collection":[{"href":"https:\/\/www.alsolen.com\/index.php\/wp-json\/wp\/v2\/pages"}],"about":[{"href":"https:\/\/www.alsolen.com\/index.php\/wp-json\/wp\/v2\/types\/page"}],"author":[{"embeddable":true,"href":"https:\/\/www.alsolen.com\/index.php\/wp-json\/wp\/v2\/users\/1"}],"replies":[{"embeddable":true,"href":"https:\/\/www.alsolen.com\/index.php\/wp-json\/wp\/v2\/comments?post=106"}],"version-history":[{"count":4,"href":"https:\/\/www.alsolen.com\/index.php\/wp-json\/wp\/v2\/pages\/106\/revisions"}],"predecessor-version":[{"id":279,"href":"https:\/\/www.alsolen.com\/index.php\/wp-json\/wp\/v2\/pages\/106\/revisions\/279"}],"wp:attachment":[{"href":"https:\/\/www.alsolen.com\/index.php\/wp-json\/wp\/v2\/media?parent=106"}],"curies":[{"name":"wp","href":"https:\/\/api.w.org\/{rel}","templated":true}]}}