{"id":13,"date":"2023-09-23T21:18:47","date_gmt":"2023-09-23T21:18:47","guid":{"rendered":"https:\/\/www.alsolen.com\/?page_id=13"},"modified":"2023-12-22T09:14:40","modified_gmt":"2023-12-22T09:14:40","slug":"accueil","status":"publish","type":"page","link":"https:\/\/www.alsolen.com\/","title":{"rendered":"Accueil"},"content":{"rendered":"<p>[et_pb_section fb_built=\u00a0\u00bb1&Prime; _builder_version=\u00a0\u00bb4.23.2&Prime; _module_preset=\u00a0\u00bbdefault\u00a0\u00bb custom_margin=\u00a0\u00bb0px||||false|false\u00a0\u00bb custom_padding=\u00a0\u00bb0px|0px|0px|0px|false|false\u00a0\u00bb hover_enabled=\u00a0\u00bb0&Prime; global_colors_info=\u00a0\u00bb{}\u00a0\u00bb title_text=\u00a0\u00bbALSOLEN-front-page\u00a0\u00bb background_image=\u00a0\u00bbhttps:\/\/www.alsolen.com\/wp-content\/uploads\/2023\/12\/ALSOLEN-front-page.webp\u00a0\u00bb sticky_enabled=\u00a0\u00bb0&Prime; height=\u00a0\u00bb60vh\u00a0\u00bb disabled_on=\u00a0\u00bbon|on|off\u00a0\u00bb][et_pb_row _builder_version=\u00a0\u00bb4.23.2&Prime; _module_preset=\u00a0\u00bbdefault\u00a0\u00bb module_alignment=\u00a0\u00bbcenter\u00a0\u00bb custom_margin=\u00a0\u00bb||0px||false|false\u00a0\u00bb custom_padding=\u00a0\u00bb||0px||false|false\u00a0\u00bb hover_enabled=\u00a0\u00bb0&Prime; global_colors_info=\u00a0\u00bb{}\u00a0\u00bb sticky_enabled=\u00a0\u00bb0&Prime; module_class=\u00a0\u00bbd-flex flex-row align-items-center h-100 pt-0&Prime;][et_pb_column type=\u00a0\u00bb4_4&Prime; _builder_version=\u00a0\u00bb4.23.2&Prime; _module_preset=\u00a0\u00bbdefault\u00a0\u00bb hover_enabled=\u00a0\u00bb0&Prime; global_colors_info=\u00a0\u00bb{}\u00a0\u00bb sticky_enabled=\u00a0\u00bb0&Prime;][et_pb_heading _builder_version=\u00a0\u00bb4.23.2&Prime; _module_preset=\u00a0\u00bbdefault\u00a0\u00bb title=\u00a0\u00bbDonner acc\u00e8s \u00e0 l&rsquo;\u00e9nergie<br \/>D\u00e9carboner l&rsquo;industrie et la ville\u00a0\u00bb title_text=\u00a0\u00bbALSOLEN-front-page\u00a0\u00bb hover_enabled=\u00a0\u00bb0&Prime; sticky_enabled=\u00a0\u00bb0&Prime; background_enable_image=\u00a0\u00bboff\u00a0\u00bb title_text_color=\u00a0\u00bbgcid-a73849eb-af5f-470e-81cd-3c84c85428aa\u00a0\u00bb global_colors_info=\u00a0\u00bb{%22gcid-a73849eb-af5f-470e-81cd-3c84c85428aa%22:%91%22title_text_color%22%93}\u00a0\u00bb module_class=\u00a0\u00bbtext-end\u00a0\u00bb title_font_size=\u00a0\u00bb3.5rem\u00a0\u00bb title_font=\u00a0\u00bb|600|||||||\u00a0\u00bb title_letter_spacing=\u00a0\u00bb2px\u00a0\u00bb title_line_height=\u00a0\u00bb1.5em\u00a0\u00bb title_text_shadow_style=\u00a0\u00bbpreset1&Prime;][\/et_pb_heading][\/et_pb_column][\/et_pb_row][\/et_pb_section][et_pb_section fb_built=\u00a0\u00bb1&Prime; _builder_version=\u00a0\u00bb4.23.2&Prime; _module_preset=\u00a0\u00bbdefault\u00a0\u00bb background_enable_image=\u00a0\u00bboff\u00a0\u00bb custom_margin=\u00a0\u00bb0px||||false|false\u00a0\u00bb custom_padding=\u00a0\u00bb0px|0px|0px|0px|false|false\u00a0\u00bb hover_enabled=\u00a0\u00bb0&Prime; global_colors_info=\u00a0\u00bb{}\u00a0\u00bb title_text=\u00a0\u00bbALSOLEN-front-page\u00a0\u00bb sticky_enabled=\u00a0\u00bb0&Prime; disabled_on=\u00a0\u00bboff|off|on\u00a0\u00bb][et_pb_row _builder_version=\u00a0\u00bb4.23.2&Prime; _module_preset=\u00a0\u00bbdefault\u00a0\u00bb module_alignment=\u00a0\u00bbcenter\u00a0\u00bb custom_margin=\u00a0\u00bb||0px||false|false\u00a0\u00bb custom_padding=\u00a0\u00bb||0px||false|false\u00a0\u00bb hover_enabled=\u00a0\u00bb0&Prime; global_colors_info=\u00a0\u00bb{}\u00a0\u00bb sticky_enabled=\u00a0\u00bb0&Prime; module_class=\u00a0\u00bbd-flex flex-row align-items-center h-100 pt-0&Prime;][et_pb_column type=\u00a0\u00bb4_4&Prime; _builder_version=\u00a0\u00bb4.23.2&Prime; _module_preset=\u00a0\u00bbdefault\u00a0\u00bb hover_enabled=\u00a0\u00bb0&Prime; global_colors_info=\u00a0\u00bb{}\u00a0\u00bb sticky_enabled=\u00a0\u00bb0&Prime;][et_pb_heading _builder_version=\u00a0\u00bb4.23.2&Prime; _module_preset=\u00a0\u00bbdefault\u00a0\u00bb title=\u00a0\u00bbDonner acc\u00e8s \u00e0 l&rsquo;\u00e9nergie<br \/>D\u00e9carboner l&rsquo;industrie et la ville\u00a0\u00bb title_text=\u00a0\u00bbALSOLEN-front-page\u00a0\u00bb hover_enabled=\u00a0\u00bb0&Prime; sticky_enabled=\u00a0\u00bb0&Prime; background_enable_image=\u00a0\u00bboff\u00a0\u00bb title_text_color=\u00a0\u00bbgcid-a73849eb-af5f-470e-81cd-3c84c85428aa\u00a0\u00bb global_colors_info=\u00a0\u00bb{%22gcid-a73849eb-af5f-470e-81cd-3c84c85428aa%22:%91%22title_text_color%22%93}\u00a0\u00bb module_class=\u00a0\u00bbtext-end\u00a0\u00bb title_font_size=\u00a0\u00bb2rem\u00a0\u00bb title_font=\u00a0\u00bb|600|||||||\u00a0\u00bb][\/et_pb_heading][et_pb_image _builder_version=\u00a0\u00bb4.23.2&Prime; _module_preset=\u00a0\u00bbdefault\u00a0\u00bb title_text=\u00a0\u00bbALSOLEN-front-page\u00a0\u00bb src=\u00a0\u00bbhttps:\/\/www.alsolen.com\/wp-content\/uploads\/2023\/12\/ALSOLEN-front-page.webp\u00a0\u00bb hover_enabled=\u00a0\u00bb0&Prime; sticky_enabled=\u00a0\u00bb0&Prime;][\/et_pb_image][\/et_pb_column][\/et_pb_row][\/et_pb_section]<\/p>\n","protected":false},"excerpt":{"rendered":"","protected":false},"author":2,"featured_media":0,"parent":0,"menu_order":0,"comment_status":"closed","ping_status":"closed","template":"","meta":{"_acf_changed":false,"_et_pb_use_builder":"on","_et_pb_old_content":"<!-- wp:divi\/placeholder \/-->","_et_gb_content_width":"","footnotes":""},"class_list":["post-13","page","type-page","status-publish","hentry"],"acf":[],"_links":{"self":[{"href":"https:\/\/www.alsolen.com\/index.php\/wp-json\/wp\/v2\/pages\/13","targetHints":{"allow":["GET"]}}],"collection":[{"href":"https:\/\/www.alsolen.com\/index.php\/wp-json\/wp\/v2\/pages"}],"about":[{"href":"https:\/\/www.alsolen.com\/index.php\/wp-json\/wp\/v2\/types\/page"}],"author":[{"embeddable":true,"href":"https:\/\/www.alsolen.com\/index.php\/wp-json\/wp\/v2\/users\/2"}],"replies":[{"embeddable":true,"href":"https:\/\/www.alsolen.com\/index.php\/wp-json\/wp\/v2\/comments?post=13"}],"version-history":[{"count":28,"href":"https:\/\/www.alsolen.com\/index.php\/wp-json\/wp\/v2\/pages\/13\/revisions"}],"predecessor-version":[{"id":381,"href":"https:\/\/www.alsolen.com\/index.php\/wp-json\/wp\/v2\/pages\/13\/revisions\/381"}],"wp:attachment":[{"href":"https:\/\/www.alsolen.com\/index.php\/wp-json\/wp\/v2\/media?parent=13"}],"curies":[{"name":"wp","href":"https:\/\/api.w.org\/{rel}","templated":true}]}}